{"id":1221,"date":"2013-03-23T13:06:18","date_gmt":"2013-03-23T11:06:18","guid":{"rendered":"http:\/\/benny-jessica.com\/?page_id=1221"},"modified":"2018-03-22T23:45:48","modified_gmt":"2018-03-22T21:45:48","slug":"contact","status":"publish","type":"page","link":"https:\/\/benny-jessica.com\/en\/contact\/","title":{"rendered":"Contact"},"content":{"rendered":"[vc_row type=&#8221;in_container&#8221; full_screen_row_position=&#8221;middle&#8221; scene_position=&#8221;center&#8221; text_color=&#8221;dark&#8221; text_align=&#8221;left&#8221; top_padding=&#8221;65&#8243; overlay_strength=&#8221;0.3&#8243; shape_divider_position=&#8221;bottom&#8221;][vc_column column_padding=&#8221;no-extra-padding&#8221; column_padding_position=&#8221;all&#8221; background_color_opacity=&#8221;1&#8243; background_hover_color_opacity=&#8221;1&#8243; column_shadow=&#8221;none&#8221; column_border_radius=&#8221;none&#8221; width=&#8221;1\/2&#8243; tablet_text_alignment=&#8221;default&#8221; phone_text_alignment=&#8221;default&#8221; column_border_width=&#8221;none&#8221; column_border_style=&#8221;solid&#8221;]\n<div class=\"wpcf7 no-js\" id=\"wpcf7-f1212-o1\" lang=\"en-US\" dir=\"ltr\" data-wpcf7-id=\"1212\">\n<div class=\"screen-reader-response\"><p role=\"status\" aria-live=\"polite\" aria-atomic=\"true\"><\/p> <ul><\/ul><\/div>\n<form action=\"\/en\/wp-json\/wp\/v2\/pages\/1221#wpcf7-f1212-o1\" method=\"post\" class=\"wpcf7-form init\" aria-label=\"Contact form\" novalidate=\"novalidate\" data-status=\"init\">\n<div style=\"display: none;\">\n<input type=\"hidden\" name=\"_wpcf7\" value=\"1212\" \/>\n<input type=\"hidden\" name=\"_wpcf7_version\" value=\"6.0.6\" \/>\n<input type=\"hidden\" name=\"_wpcf7_locale\" value=\"en_US\" \/>\n<input type=\"hidden\" name=\"_wpcf7_unit_tag\" value=\"wpcf7-f1212-o1\" \/>\n<input type=\"hidden\" name=\"_wpcf7_container_post\" value=\"0\" \/>\n<input type=\"hidden\" name=\"_wpcf7_posted_data_hash\" value=\"\" \/>\n<\/div>\n<p>Your Name (required)\n<\/p>\n<p><span class=\"wpcf7-form-control-wrap\" data-name=\"your-name\"><input size=\"40\" maxlength=\"400\" class=\"wpcf7-form-control wpcf7-text wpcf7-validates-as-required\" aria-required=\"true\" aria-invalid=\"false\" value=\"\" type=\"text\" name=\"your-name\" \/><\/span>\n<\/p>\n<p>Your Email (required)\n<\/p>\n<p><span class=\"wpcf7-form-control-wrap\" data-name=\"your-email\"><input size=\"40\" maxlength=\"400\" class=\"wpcf7-form-control wpcf7-email wpcf7-validates-as-required wpcf7-text wpcf7-validates-as-email\" aria-required=\"true\" aria-invalid=\"false\" value=\"\" type=\"email\" name=\"your-email\" \/><\/span>\n<\/p>\n<p>Phone\n<\/p>\n<p><span class=\"wpcf7-form-control-wrap\" data-name=\"tel-104\"><input size=\"40\" maxlength=\"400\" class=\"wpcf7-form-control wpcf7-tel wpcf7-text wpcf7-validates-as-tel\" aria-invalid=\"false\" value=\"\" type=\"tel\" name=\"tel-104\" \/><\/span>\n<\/p>\n<p>Subject\n<\/p>\n<p><span class=\"wpcf7-form-control-wrap\" data-name=\"your-subject\"><input size=\"40\" maxlength=\"400\" class=\"wpcf7-form-control wpcf7-text\" aria-invalid=\"false\" value=\"\" type=\"text\" name=\"your-subject\" \/><\/span>\n<\/p>\n<p>Your Message\n<\/p>\n<p><span class=\"wpcf7-form-control-wrap\" data-name=\"your-message\"><textarea cols=\"40\" rows=\"10\" maxlength=\"2000\" class=\"wpcf7-form-control wpcf7-textarea\" aria-invalid=\"false\" name=\"your-message\"><\/textarea><\/span>\n<\/p>\n<p>[recaptcha]\n<\/p>\n<p><input class=\"wpcf7-form-control wpcf7-submit has-spinner\" type=\"submit\" value=\"Send\" \/>\n<\/p><p style=\"display: none !important;\" class=\"akismet-fields-container\" data-prefix=\"_wpcf7_ak_\"><label>&#916;<textarea name=\"_wpcf7_ak_hp_textarea\" cols=\"45\" rows=\"8\" maxlength=\"100\"><\/textarea><\/label><input type=\"hidden\" id=\"ak_js_1\" name=\"_wpcf7_ak_js\" value=\"209\"\/><script>document.getElementById( \"ak_js_1\" ).setAttribute( \"value\", ( new Date() ).getTime() );<\/script><\/p><div class=\"wpcf7-response-output\" aria-hidden=\"true\"><\/div>\n<\/form>\n<\/div>\n[\/vc_column][vc_column column_padding=&#8221;no-extra-padding&#8221; column_padding_position=&#8221;all&#8221; background_color_opacity=&#8221;1&#8243; background_hover_color_opacity=&#8221;1&#8243; column_shadow=&#8221;none&#8221; column_border_radius=&#8221;none&#8221; width=&#8221;1\/2&#8243; tablet_text_alignment=&#8221;default&#8221; phone_text_alignment=&#8221;default&#8221; column_border_width=&#8221;none&#8221; column_border_style=&#8221;solid&#8221;][vc_column_text]\n<h2>Contact details<\/h2>\n<p>Don\u2019t hesitate to reach out. We are looking forward to hear from you!<\/p>\n<p><strong>Post address<\/strong><\/p>\n<p>Benny &amp; Jessica AB<br \/>\nVindon 434<br \/>\n473 91 HENAN<br \/>\nSweden<\/p>\n<div class=\"col span_6\" data-animation=\"\" data-delay=\"0\"><img loading=\"lazy\" decoding=\"async\" class=\"alignnone wp-image-1153 size-medium\" src=\"http:\/\/benny-jessica.com\/benny-jessica\/wp-content\/uploads\/2013\/10\/benny-sv-300x300.jpg\" alt=\"Benny Martinsson, Entrepren\u00f6r och f\u00f6rs\u00e4ljare av b\u00e5tar\" width=\"300\" height=\"300\" srcset=\"https:\/\/benny-jessica.com\/benny-jessica\/wp-content\/uploads\/2013\/10\/benny-sv-300x300.jpg 300w, https:\/\/benny-jessica.com\/benny-jessica\/wp-content\/uploads\/2013\/10\/benny-sv-150x150.jpg 150w, https:\/\/benny-jessica.com\/benny-jessica\/wp-content\/uploads\/2013\/10\/benny-sv-50x50.jpg 50w, https:\/\/benny-jessica.com\/benny-jessica\/wp-content\/uploads\/2013\/10\/benny-sv-100x100.jpg 100w, https:\/\/benny-jessica.com\/benny-jessica\/wp-content\/uploads\/2013\/10\/benny-sv-275x275.jpg 275w, https:\/\/benny-jessica.com\/benny-jessica\/wp-content\/uploads\/2013\/10\/benny-sv.jpg 350w\" sizes=\"auto, (max-width: 300px) 100vw, 300px\" \/><\/p>\n<h2>Benny Martinsson<\/h2>\n<p>Entrepreneur<\/p>\n<p>Phone\u00a0+46 70 644 2110<br \/>\n<i class=\"icon-tiny icon-envelope-alt accent-color\"><\/i>\u00a0<a title=\"benny@benny-jessica.com\" href=\"mailto:benny@benny-jessica.com\">benny@benny-jessica.com<br \/>\n<\/a><\/div><div class=\"col span_6 col_last\" data-animation=\"\" data-delay=\"0\"><img loading=\"lazy\" decoding=\"async\" class=\"alignnone wp-image-1155 size-medium\" src=\"http:\/\/benny-jessica.com\/benny-jessica\/wp-content\/uploads\/2013\/10\/jessica-sv-300x300.jpg\" alt=\"Jessica Martinsson\" width=\"300\" height=\"300\" srcset=\"https:\/\/benny-jessica.com\/benny-jessica\/wp-content\/uploads\/2013\/10\/jessica-sv-300x300.jpg 300w, https:\/\/benny-jessica.com\/benny-jessica\/wp-content\/uploads\/2013\/10\/jessica-sv-150x150.jpg 150w, https:\/\/benny-jessica.com\/benny-jessica\/wp-content\/uploads\/2013\/10\/jessica-sv-50x50.jpg 50w, https:\/\/benny-jessica.com\/benny-jessica\/wp-content\/uploads\/2013\/10\/jessica-sv-100x100.jpg 100w, https:\/\/benny-jessica.com\/benny-jessica\/wp-content\/uploads\/2013\/10\/jessica-sv-275x275.jpg 275w, https:\/\/benny-jessica.com\/benny-jessica\/wp-content\/uploads\/2013\/10\/jessica-sv.jpg 350w\" sizes=\"auto, (max-width: 300px) 100vw, 300px\" \/><\/p>\n<h2>Jessica Martinsson<\/h2>\n<p>M.Sc. CS&amp;E<\/p>\n<p>Phone\u00a0+46 70 668 77 13<br \/>\n<i class=\"icon-tiny icon-envelope-alt accent-color\"><\/i>\u00a0<a title=\"jessica@benny-jessica.com\" href=\"mailto:jessica@benny-jessica.com\">jessica@benny-jessica.com<br \/>\n<\/a><a title=\"facebook\" href=\"https:\/\/www.facebook.com\/d97jes\" target=\"_blank\" rel=\"noopener\">Facebook<\/a> \u00a0| \u00a0<a title=\"LinkedIn\" href=\"http:\/\/lnkd.in\/HMzxBA\" target=\"_blank\" rel=\"noopener\">LinkedIn<\/a><\/div><div class=\"clear\"><\/div>[\/vc_column_text][\/vc_column][\/vc_row]\n","protected":false},"excerpt":{"rendered":"<p>[vc_row type=&#8221;in_container&#8221; full_screen_row_position=&#8221;middle&#8221; scene_position=&#8221;center&#8221; text_color=&#8221;dark&#8221; text_align=&#8221;left&#8221; top_padding=&#8221;65&#8243; overlay_strength=&#8221;0.3&#8243; shape_divider_position=&#8221;bottom&#8221;][vc_column column_padding=&#8221;no-extra-padding&#8221; column_padding_position=&#8221;all&#8221; background_color_opacity=&#8221;1&#8243; background_hover_color_opacity=&#8221;1&#8243; column_shadow=&#8221;none&#8221; column_border_radius=&#8221;none&#8221; width=&#8221;1\/2&#8243; tablet_text_alignment=&#8221;default&#8221; phone_text_alignment=&#8221;default&#8221; column_border_width=&#8221;none&#8221; column_border_style=&#8221;solid&#8221;][\/vc_column][vc_column column_padding=&#8221;no-extra-padding&#8221; column_padding_position=&#8221;all&#8221; background_color_opacity=&#8221;1&#8243; background_hover_color_opacity=&#8221;1&#8243; column_shadow=&#8221;none&#8221; column_border_radius=&#8221;none&#8221; width=&#8221;1\/2&#8243; tablet_text_alignment=&#8221;default&#8221; phone_text_alignment=&#8221;default&#8221; column_border_width=&#8221;none&#8221;&#8230;<\/p>\n","protected":false},"author":1,"featured_media":17722,"parent":0,"menu_order":60,"comment_status":"closed","ping_status":"closed","template":"template-contact.php","meta":{"footnotes":""},"class_list":["post-1221","page","type-page","status-publish","has-post-thumbnail"],"_links":{"self":[{"href":"https:\/\/benny-jessica.com\/en\/wp-json\/wp\/v2\/pages\/1221","targetHints":{"allow":["GET"]}}],"collection":[{"href":"https:\/\/benny-jessica.com\/en\/wp-json\/wp\/v2\/pages"}],"about":[{"href":"https:\/\/benny-jessica.com\/en\/wp-json\/wp\/v2\/types\/page"}],"author":[{"embeddable":true,"href":"https:\/\/benny-jessica.com\/en\/wp-json\/wp\/v2\/users\/1"}],"replies":[{"embeddable":true,"href":"https:\/\/benny-jessica.com\/en\/wp-json\/wp\/v2\/comments?post=1221"}],"version-history":[{"count":5,"href":"https:\/\/benny-jessica.com\/en\/wp-json\/wp\/v2\/pages\/1221\/revisions"}],"predecessor-version":[{"id":32360,"href":"https:\/\/benny-jessica.com\/en\/wp-json\/wp\/v2\/pages\/1221\/revisions\/32360"}],"wp:featuredmedia":[{"embeddable":true,"href":"https:\/\/benny-jessica.com\/en\/wp-json\/wp\/v2\/media\/17722"}],"wp:attachment":[{"href":"https:\/\/benny-jessica.com\/en\/wp-json\/wp\/v2\/media?parent=1221"}],"curies":[{"name":"wp","href":"https:\/\/api.w.org\/{rel}","templated":true}]}}